{"id":1593,"date":"2019-04-24T02:28:30","date_gmt":"2019-04-24T00:28:30","guid":{"rendered":"https:\/\/france-ohada-droit.com\/?page_id=1593"},"modified":"2019-04-24T02:40:40","modified_gmt":"2019-04-24T00:40:40","slug":"copyright-droit-dauteur","status":"publish","type":"page","link":"https:\/\/france-ohada-droit.com\/index.php\/copyright-droit-dauteur\/","title":{"rendered":"Copyright\/droit d\u2019auteur"},"content":{"rendered":"<h2 class=\"s6\"><span class=\"s30\">Copyright\/droit d\u2019auteur<\/span><\/h2>\n<p>&nbsp;<\/p>\n<p class=\"s6\"><span class=\"s30\">Les lecteurs peuvent citer ou reproduire les travaux du site \u00e0 leur guise, au-del\u00e0 des restrictions l\u00e9gales relatives \u00e0 la courte citation. <\/span><\/p>\n<p class=\"s6\"><span class=\"s30\">Il leur est seulement demand\u00e9 d\u2019indiquer la source de leur emprunt en mentionnant<\/span><span class=\"s17\"> France Ohada Droit<\/span><span class=\"s30\"> \u00a0avec le mois et l\u2019ann\u00e9e de publication et l\u2019auteur de l\u2019article s\u2019il est sign\u00e9.<\/span><\/p>\n<p class=\"s6\"><span class=\"s30\">Nos lecteurs peuvent \u00e9galement mettre des liens vers le site ou ses travaux sp\u00e9cifiques.<\/span><\/p>\n<p class=\"s6\">\n","protected":false},"excerpt":{"rendered":"<p>Copyright\/droit d\u2019auteur &nbsp; Les lecteurs peuvent citer ou reproduire les travaux du site \u00e0 leur guise, au-del\u00e0 des restrictions l\u00e9gales relatives \u00e0 la courte citation. Il leur est seulement demand\u00e9 d\u2019indiquer la source de leur emprunt en mentionnant France Ohada Droit \u00a0avec le mois et l\u2019ann\u00e9e de publication et l\u2019auteur de l\u2019article s\u2019il est sign\u00e9. Nos lecteurs peuvent \u00e9galement mettre des liens vers le site ou ses travaux sp\u00e9cifiques.<\/p>\n","protected":false},"author":2,"featured_media":0,"parent":0,"menu_order":0,"comment_status":"closed","ping_status":"closed","template":"","meta":[],"yoast_head":"<!-- This site is optimized with the Yoast SEO plugin v18.4.1 - https:\/\/yoast.com\/wordpress\/plugins\/seo\/ -->\n<title>Copyright\/droit d\u2019auteur - France Ohada Droit<\/title>\n<meta name=\"robots\" content=\"index, follow, max-snippet:-1, max-image-preview:large, max-video-preview:-1\" \/>\n<link rel=\"canonical\" href=\"https:\/\/france-ohada-droit.com\/index.php\/copyright-droit-dauteur\/\" \/>\n<meta property=\"og:locale\" content=\"fr_FR\" \/>\n<meta property=\"og:type\" content=\"article\" \/>\n<meta property=\"og:title\" content=\"Copyright\/droit d\u2019auteur - France Ohada Droit\" \/>\n<meta property=\"og:description\" content=\"Copyright\/droit d\u2019auteur &nbsp; Les lecteurs peuvent citer ou reproduire les travaux du site \u00e0 leur guise, au-del\u00e0 des restrictions l\u00e9gales relatives \u00e0 la courte citation. Il leur est seulement demand\u00e9 d\u2019indiquer la source de leur emprunt en mentionnant France Ohada Droit \u00a0avec le mois et l\u2019ann\u00e9e de publication et l\u2019auteur de l\u2019article s\u2019il est sign\u00e9. Nos lecteurs peuvent \u00e9galement mettre des liens vers le site ou ses travaux sp\u00e9cifiques.\" \/>\n<meta property=\"og:url\" content=\"https:\/\/france-ohada-droit.com\/index.php\/copyright-droit-dauteur\/\" \/>\n<meta property=\"og:site_name\" content=\"France Ohada Droit\" \/>\n<meta property=\"article:modified_time\" content=\"2019-04-24T00:40:40+00:00\" \/>\n<meta name=\"twitter:card\" content=\"summary_large_image\" \/>\n<script type=\"application\/ld+json\" class=\"yoast-schema-graph\">{\"@context\":\"https:\/\/schema.org\",\"@graph\":[{\"@type\":\"WebSite\",\"@id\":\"https:\/\/france-ohada-droit.com\/#website\",\"url\":\"https:\/\/france-ohada-droit.com\/\",\"name\":\"France Ohada Droit\",\"description\":\"Article de droit\",\"potentialAction\":[{\"@type\":\"SearchAction\",\"target\":{\"@type\":\"EntryPoint\",\"urlTemplate\":\"https:\/\/france-ohada-droit.com\/?s={search_term_string}\"},\"query-input\":\"required name=search_term_string\"}],\"inLanguage\":\"fr-FR\"},{\"@type\":\"WebPage\",\"@id\":\"https:\/\/france-ohada-droit.com\/index.php\/copyright-droit-dauteur\/#webpage\",\"url\":\"https:\/\/france-ohada-droit.com\/index.php\/copyright-droit-dauteur\/\",\"name\":\"Copyright\/droit d\u2019auteur - France Ohada Droit\",\"isPartOf\":{\"@id\":\"https:\/\/france-ohada-droit.com\/#website\"},\"datePublished\":\"2019-04-24T00:28:30+00:00\",\"dateModified\":\"2019-04-24T00:40:40+00:00\",\"breadcrumb\":{\"@id\":\"https:\/\/france-ohada-droit.com\/index.php\/copyright-droit-dauteur\/#breadcrumb\"},\"inLanguage\":\"fr-FR\",\"potentialAction\":[{\"@type\":\"ReadAction\",\"target\":[\"https:\/\/france-ohada-droit.com\/index.php\/copyright-droit-dauteur\/\"]}]},{\"@type\":\"BreadcrumbList\",\"@id\":\"https:\/\/france-ohada-droit.com\/index.php\/copyright-droit-dauteur\/#breadcrumb\",\"itemListElement\":[{\"@type\":\"ListItem\",\"position\":1,\"name\":\"Accueil\",\"item\":\"https:\/\/france-ohada-droit.com\/\"},{\"@type\":\"ListItem\",\"position\":2,\"name\":\"Copyright\/droit d\u2019auteur\"}]}]}<\/script>\n<!-- \/ Yoast SEO plugin. -->","yoast_head_json":{"title":"Copyright\/droit d\u2019auteur - France Ohada Droit","robots":{"index":"index","follow":"follow","max-snippet":"max-snippet:-1","max-image-preview":"max-image-preview:large","max-video-preview":"max-video-preview:-1"},"canonical":"https:\/\/france-ohada-droit.com\/index.php\/copyright-droit-dauteur\/","og_locale":"fr_FR","og_type":"article","og_title":"Copyright\/droit d\u2019auteur - France Ohada Droit","og_description":"Copyright\/droit d\u2019auteur &nbsp; Les lecteurs peuvent citer ou reproduire les travaux du site \u00e0 leur guise, au-del\u00e0 des restrictions l\u00e9gales relatives \u00e0 la courte citation. Il leur est seulement demand\u00e9 d\u2019indiquer la source de leur emprunt en mentionnant France Ohada Droit \u00a0avec le mois et l\u2019ann\u00e9e de publication et l\u2019auteur de l\u2019article s\u2019il est sign\u00e9. Nos lecteurs peuvent \u00e9galement mettre des liens vers le site ou ses travaux sp\u00e9cifiques.","og_url":"https:\/\/france-ohada-droit.com\/index.php\/copyright-droit-dauteur\/","og_site_name":"France Ohada Droit","article_modified_time":"2019-04-24T00:40:40+00:00","twitter_card":"summary_large_image","schema":{"@context":"https:\/\/schema.org","@graph":[{"@type":"WebSite","@id":"https:\/\/france-ohada-droit.com\/#website","url":"https:\/\/france-ohada-droit.com\/","name":"France Ohada Droit","description":"Article de droit","potentialAction":[{"@type":"SearchAction","target":{"@type":"EntryPoint","urlTemplate":"https:\/\/france-ohada-droit.com\/?s={search_term_string}"},"query-input":"required name=search_term_string"}],"inLanguage":"fr-FR"},{"@type":"WebPage","@id":"https:\/\/france-ohada-droit.com\/index.php\/copyright-droit-dauteur\/#webpage","url":"https:\/\/france-ohada-droit.com\/index.php\/copyright-droit-dauteur\/","name":"Copyright\/droit d\u2019auteur - France Ohada Droit","isPartOf":{"@id":"https:\/\/france-ohada-droit.com\/#website"},"datePublished":"2019-04-24T00:28:30+00:00","dateModified":"2019-04-24T00:40:40+00:00","breadcrumb":{"@id":"https:\/\/france-ohada-droit.com\/index.php\/copyright-droit-dauteur\/#breadcrumb"},"inLanguage":"fr-FR","potentialAction":[{"@type":"ReadAction","target":["https:\/\/france-ohada-droit.com\/index.php\/copyright-droit-dauteur\/"]}]},{"@type":"BreadcrumbList","@id":"https:\/\/france-ohada-droit.com\/index.php\/copyright-droit-dauteur\/#breadcrumb","itemListElement":[{"@type":"ListItem","position":1,"name":"Accueil","item":"https:\/\/france-ohada-droit.com\/"},{"@type":"ListItem","position":2,"name":"Copyright\/droit d\u2019auteur"}]}]}},"_links":{"self":[{"href":"https:\/\/france-ohada-droit.com\/index.php\/wp-json\/wp\/v2\/pages\/1593"}],"collection":[{"href":"https:\/\/france-ohada-droit.com\/index.php\/wp-json\/wp\/v2\/pages"}],"about":[{"href":"https:\/\/france-ohada-droit.com\/index.php\/wp-json\/wp\/v2\/types\/page"}],"author":[{"embeddable":true,"href":"https:\/\/france-ohada-droit.com\/index.php\/wp-json\/wp\/v2\/users\/2"}],"replies":[{"embeddable":true,"href":"https:\/\/france-ohada-droit.com\/index.php\/wp-json\/wp\/v2\/comments?post=1593"}],"version-history":[{"count":3,"href":"https:\/\/france-ohada-droit.com\/index.php\/wp-json\/wp\/v2\/pages\/1593\/revisions"}],"predecessor-version":[{"id":1599,"href":"https:\/\/france-ohada-droit.com\/index.php\/wp-json\/wp\/v2\/pages\/1593\/revisions\/1599"}],"wp:attachment":[{"href":"https:\/\/france-ohada-droit.com\/index.php\/wp-json\/wp\/v2\/media?parent=1593"}],"curies":[{"name":"wp","href":"https:\/\/api.w.org\/{rel}","templated":true}]}}