{"id":1588,"date":"2019-04-24T02:27:45","date_gmt":"2019-04-24T00:27:45","guid":{"rendered":"https:\/\/france-ohada-droit.com\/?page_id=1588"},"modified":"2020-02-12T14:43:19","modified_gmt":"2020-02-12T13:43:19","slug":"donnees-personnelles","status":"publish","type":"page","link":"https:\/\/france-ohada-droit.com\/index.php\/donnees-personnelles\/","title":{"rendered":"Donn\u00e9es personnelles"},"content":{"rendered":"<h2>Donn\u00e9es personnelles<\/h2>\n<p>&nbsp;<\/p>\n<p style=\"text-align: justify;\">Le site traite essentiellement de l\u2019actualit\u00e9 des revues juridiques, financi\u00e8res et \u00e9conomiques\u00a0; \u00a0et il n\u2019est pas un site commercial.<\/p>\n<p class=\"s6\" style=\"text-align: justify;\">N\u00e9anmoins, conform\u00e9ment aux articles 38 al. 2 et 40 de la \u00a0<a href=\"https:\/\/www.legifrance.gouv.fr\/affichTexte.do?cidTexte=JORFTEXT000000886460\"><span class=\"s9\">Loi n\u00b0 78-17 du 6 janvier 1978 relative \u00e0 l&#8217;informatique, aux fichiers et aux libert\u00e9s<\/span><\/a>, et en \u00e9crivant \u00e0 l\u2019email <a href=\"mailto:France.ohada.droit@gmail.com\"><span class=\"s9\">france.ohada.droit@gmail.com<\/span><\/a>\u00a0, ou \u00e0 l\u2019adresse <span class=\"s4\">France Ohada Droit<\/span>, ABS Ma\u00eetre Patricia SUID, avocat, 22, rue Pertinax, 06000 NICE, France\u00a0:<\/p>\n<p class=\"s29\" style=\"text-align: justify;\"><span class=\"s7\">T<\/span><span class=\"s7\">oute personne physique justifiant de son identit\u00e9 peut exiger [\u2026]que soient, selon les cas, rectifi\u00e9es, compl\u00e9t\u00e9es, mises \u00e0 jour, verrouill\u00e9es ou effac\u00e9es les donn\u00e9es \u00e0 caract\u00e8re personnel la concernant, qui sont inexactes, incompl\u00e8tes, \u00e9quivoques, p\u00e9rim\u00e9es, ou dont la collecte, l&#8217;utilisation, la communication ou la conservation est interdite.<\/span><\/p>\n","protected":false},"excerpt":{"rendered":"<p>Donn\u00e9es personnelles &nbsp; Le site traite essentiellement de l\u2019actualit\u00e9 des revues juridiques, financi\u00e8res et \u00e9conomiques\u00a0; \u00a0et il n\u2019est pas un site commercial. N\u00e9anmoins, conform\u00e9ment aux articles 38 al. 2 et 40 de la \u00a0Loi n\u00b0 78-17 du 6 janvier 1978 relative \u00e0 l&#8217;informatique, aux fichiers et aux libert\u00e9s, et en \u00e9crivant \u00e0 l\u2019email france.ohada.droit@gmail.com\u00a0, ou \u00e0 l\u2019adresse France Ohada Droit, ABS Ma\u00eetre Patricia SUID, avocat, 22, rue Pertinax, 06000 NICE, France\u00a0: Toute<span class=\"excerpt-hellip\"> [\u2026]<\/span><\/p>\n","protected":false},"author":2,"featured_media":0,"parent":0,"menu_order":0,"comment_status":"closed","ping_status":"closed","template":"","meta":[],"yoast_head":"<!-- This site is optimized with the Yoast SEO plugin v18.4.1 - https:\/\/yoast.com\/wordpress\/plugins\/seo\/ -->\n<title>Donn\u00e9es personnelles - France Ohada Droit<\/title>\n<meta name=\"robots\" content=\"index, follow, max-snippet:-1, max-image-preview:large, max-video-preview:-1\" \/>\n<link rel=\"canonical\" href=\"https:\/\/france-ohada-droit.com\/index.php\/donnees-personnelles\/\" \/>\n<meta property=\"og:locale\" content=\"fr_FR\" \/>\n<meta property=\"og:type\" content=\"article\" \/>\n<meta property=\"og:title\" content=\"Donn\u00e9es personnelles - France Ohada Droit\" \/>\n<meta property=\"og:description\" content=\"Donn\u00e9es personnelles &nbsp; Le site traite essentiellement de l\u2019actualit\u00e9 des revues juridiques, financi\u00e8res et \u00e9conomiques\u00a0; \u00a0et il n\u2019est pas un site commercial. N\u00e9anmoins, conform\u00e9ment aux articles 38 al. 2 et 40 de la \u00a0Loi n\u00b0 78-17 du 6 janvier 1978 relative \u00e0 l&#8217;informatique, aux fichiers et aux libert\u00e9s, et en \u00e9crivant \u00e0 l\u2019email france.ohada.droit@gmail.com\u00a0, ou \u00e0 l\u2019adresse France Ohada Droit, ABS Ma\u00eetre Patricia SUID, avocat, 22, rue Pertinax, 06000 NICE, France\u00a0: Toute [\u2026]\" \/>\n<meta property=\"og:url\" content=\"https:\/\/france-ohada-droit.com\/index.php\/donnees-personnelles\/\" \/>\n<meta property=\"og:site_name\" content=\"France Ohada Droit\" \/>\n<meta property=\"article:modified_time\" content=\"2020-02-12T13:43:19+00:00\" \/>\n<meta name=\"twitter:card\" content=\"summary_large_image\" \/>\n<meta name=\"twitter:label1\" content=\"Dur\u00e9e de lecture estim\u00e9e\" \/>\n\t<meta name=\"twitter:data1\" content=\"1 minute\" \/>\n<script type=\"application\/ld+json\" class=\"yoast-schema-graph\">{\"@context\":\"https:\/\/schema.org\",\"@graph\":[{\"@type\":\"WebSite\",\"@id\":\"https:\/\/france-ohada-droit.com\/#website\",\"url\":\"https:\/\/france-ohada-droit.com\/\",\"name\":\"France Ohada Droit\",\"description\":\"Article de droit\",\"potentialAction\":[{\"@type\":\"SearchAction\",\"target\":{\"@type\":\"EntryPoint\",\"urlTemplate\":\"https:\/\/france-ohada-droit.com\/?s={search_term_string}\"},\"query-input\":\"required name=search_term_string\"}],\"inLanguage\":\"fr-FR\"},{\"@type\":\"WebPage\",\"@id\":\"https:\/\/france-ohada-droit.com\/index.php\/donnees-personnelles\/#webpage\",\"url\":\"https:\/\/france-ohada-droit.com\/index.php\/donnees-personnelles\/\",\"name\":\"Donn\u00e9es personnelles - France Ohada Droit\",\"isPartOf\":{\"@id\":\"https:\/\/france-ohada-droit.com\/#website\"},\"datePublished\":\"2019-04-24T00:27:45+00:00\",\"dateModified\":\"2020-02-12T13:43:19+00:00\",\"breadcrumb\":{\"@id\":\"https:\/\/france-ohada-droit.com\/index.php\/donnees-personnelles\/#breadcrumb\"},\"inLanguage\":\"fr-FR\",\"potentialAction\":[{\"@type\":\"ReadAction\",\"target\":[\"https:\/\/france-ohada-droit.com\/index.php\/donnees-personnelles\/\"]}]},{\"@type\":\"BreadcrumbList\",\"@id\":\"https:\/\/france-ohada-droit.com\/index.php\/donnees-personnelles\/#breadcrumb\",\"itemListElement\":[{\"@type\":\"ListItem\",\"position\":1,\"name\":\"Accueil\",\"item\":\"https:\/\/france-ohada-droit.com\/\"},{\"@type\":\"ListItem\",\"position\":2,\"name\":\"Donn\u00e9es personnelles\"}]}]}<\/script>\n<!-- \/ Yoast SEO plugin. -->","yoast_head_json":{"title":"Donn\u00e9es personnelles - France Ohada Droit","robots":{"index":"index","follow":"follow","max-snippet":"max-snippet:-1","max-image-preview":"max-image-preview:large","max-video-preview":"max-video-preview:-1"},"canonical":"https:\/\/france-ohada-droit.com\/index.php\/donnees-personnelles\/","og_locale":"fr_FR","og_type":"article","og_title":"Donn\u00e9es personnelles - France Ohada Droit","og_description":"Donn\u00e9es personnelles &nbsp; Le site traite essentiellement de l\u2019actualit\u00e9 des revues juridiques, financi\u00e8res et \u00e9conomiques\u00a0; \u00a0et il n\u2019est pas un site commercial. N\u00e9anmoins, conform\u00e9ment aux articles 38 al. 2 et 40 de la \u00a0Loi n\u00b0 78-17 du 6 janvier 1978 relative \u00e0 l&#8217;informatique, aux fichiers et aux libert\u00e9s, et en \u00e9crivant \u00e0 l\u2019email france.ohada.droit@gmail.com\u00a0, ou \u00e0 l\u2019adresse France Ohada Droit, ABS Ma\u00eetre Patricia SUID, avocat, 22, rue Pertinax, 06000 NICE, France\u00a0: Toute [\u2026]","og_url":"https:\/\/france-ohada-droit.com\/index.php\/donnees-personnelles\/","og_site_name":"France Ohada Droit","article_modified_time":"2020-02-12T13:43:19+00:00","twitter_card":"summary_large_image","twitter_misc":{"Dur\u00e9e de lecture estim\u00e9e":"1 minute"},"schema":{"@context":"https:\/\/schema.org","@graph":[{"@type":"WebSite","@id":"https:\/\/france-ohada-droit.com\/#website","url":"https:\/\/france-ohada-droit.com\/","name":"France Ohada Droit","description":"Article de droit","potentialAction":[{"@type":"SearchAction","target":{"@type":"EntryPoint","urlTemplate":"https:\/\/france-ohada-droit.com\/?s={search_term_string}"},"query-input":"required name=search_term_string"}],"inLanguage":"fr-FR"},{"@type":"WebPage","@id":"https:\/\/france-ohada-droit.com\/index.php\/donnees-personnelles\/#webpage","url":"https:\/\/france-ohada-droit.com\/index.php\/donnees-personnelles\/","name":"Donn\u00e9es personnelles - France Ohada Droit","isPartOf":{"@id":"https:\/\/france-ohada-droit.com\/#website"},"datePublished":"2019-04-24T00:27:45+00:00","dateModified":"2020-02-12T13:43:19+00:00","breadcrumb":{"@id":"https:\/\/france-ohada-droit.com\/index.php\/donnees-personnelles\/#breadcrumb"},"inLanguage":"fr-FR","potentialAction":[{"@type":"ReadAction","target":["https:\/\/france-ohada-droit.com\/index.php\/donnees-personnelles\/"]}]},{"@type":"BreadcrumbList","@id":"https:\/\/france-ohada-droit.com\/index.php\/donnees-personnelles\/#breadcrumb","itemListElement":[{"@type":"ListItem","position":1,"name":"Accueil","item":"https:\/\/france-ohada-droit.com\/"},{"@type":"ListItem","position":2,"name":"Donn\u00e9es personnelles"}]}]}},"_links":{"self":[{"href":"https:\/\/france-ohada-droit.com\/index.php\/wp-json\/wp\/v2\/pages\/1588"}],"collection":[{"href":"https:\/\/france-ohada-droit.com\/index.php\/wp-json\/wp\/v2\/pages"}],"about":[{"href":"https:\/\/france-ohada-droit.com\/index.php\/wp-json\/wp\/v2\/types\/page"}],"author":[{"embeddable":true,"href":"https:\/\/france-ohada-droit.com\/index.php\/wp-json\/wp\/v2\/users\/2"}],"replies":[{"embeddable":true,"href":"https:\/\/france-ohada-droit.com\/index.php\/wp-json\/wp\/v2\/comments?post=1588"}],"version-history":[{"count":4,"href":"https:\/\/france-ohada-droit.com\/index.php\/wp-json\/wp\/v2\/pages\/1588\/revisions"}],"predecessor-version":[{"id":1996,"href":"https:\/\/france-ohada-droit.com\/index.php\/wp-json\/wp\/v2\/pages\/1588\/revisions\/1996"}],"wp:attachment":[{"href":"https:\/\/france-ohada-droit.com\/index.php\/wp-json\/wp\/v2\/media?parent=1588"}],"curies":[{"name":"wp","href":"https:\/\/api.w.org\/{rel}","templated":true}]}}