{"id":1569,"date":"2019-04-24T01:56:33","date_gmt":"2019-04-23T23:56:33","guid":{"rendered":"https:\/\/france-ohada-droit.com\/?page_id=1569"},"modified":"2019-04-25T03:34:23","modified_gmt":"2019-04-25T01:34:23","slug":"maitre-thierry-serra","status":"publish","type":"page","link":"https:\/\/france-ohada-droit.com\/index.php\/maitre-thierry-serra\/","title":{"rendered":"Ma\u00eetre Thierry SERRA"},"content":{"rendered":"<p class=\"s8\" style=\"text-align: justify;\">Apr\u00e8s \u00a0avoir exerc\u00e9 comme avou\u00e9 pendant une quinzaine d\u2019ann\u00e9es, il rejoint le Barreau de Paris comme <strong><em>sp\u00e9cialiste des proc\u00e9dures d\u2019appel<\/em><\/strong> \u00e0 l\u2019occasion de la \u00a0fusion avou\u00e9s-avocats. Sa pratique dominante concerne le droit des affaires et le droit des proc\u00e9dures collectives. Il met en \u0153uvre des proc\u00e9dures de conciliation ou de transaction en appel, pour une client\u00e8le exigeante.<\/p>\n<p class=\"s8\" style=\"text-align: justify;\">Il s\u00e9lectionne, pour la veille du site, les \u00e9volutions locales et internationales en \u00a0mati\u00e8re d\u2019alternatives aux proc\u00e8s classiques et les finesses et nouveaut\u00e9s dans les voies d\u2019ex\u00e9cution.\u00a0 Il retient aussi des mat\u00e9riaux originaux ou importants pour tout ce qui touche au droit des investissements nationaux ou internationaux.<\/p>\n<p class=\"s13\" style=\"text-align: justify;\">La structure de son cabinet a \u00e9volu\u00e9 en conservant ses qualit\u00e9s intrins\u00e8ques.<\/p>\n<p class=\"s8\">Son cabinet est situ\u00e9 au 134 Avenue Victor Hugo \u00e0 PARIS, t\u00e9l. + 33 (0)1 47 34 98 84, email <a href=\"mailto:ecrire@serra-avocats.com\"><span class=\"s9\">ecrire@serra-avocats.com<\/span><\/a><\/p>\n","protected":false},"excerpt":{"rendered":"<p>Apr\u00e8s \u00a0avoir exerc\u00e9 comme avou\u00e9 pendant une quinzaine d\u2019ann\u00e9es, il rejoint le Barreau de Paris comme sp\u00e9cialiste des proc\u00e9dures d\u2019appel \u00e0 l\u2019occasion de la \u00a0fusion avou\u00e9s-avocats. Sa pratique dominante concerne le droit des affaires et le droit des proc\u00e9dures collectives. Il met en \u0153uvre des proc\u00e9dures de conciliation ou de transaction en appel, pour une client\u00e8le exigeante. Il s\u00e9lectionne, pour la veille du site, les \u00e9volutions locales et internationales en \u00a0mati\u00e8re d\u2019alternatives<span class=\"excerpt-hellip\"> [\u2026]<\/span><\/p>\n","protected":false},"author":2,"featured_media":0,"parent":0,"menu_order":0,"comment_status":"closed","ping_status":"closed","template":"","meta":[],"yoast_head":"<!-- This site is optimized with the Yoast SEO plugin v18.4.1 - https:\/\/yoast.com\/wordpress\/plugins\/seo\/ -->\n<title>Ma\u00eetre Thierry SERRA - France Ohada Droit<\/title>\n<meta name=\"robots\" content=\"index, follow, max-snippet:-1, max-image-preview:large, max-video-preview:-1\" \/>\n<link rel=\"canonical\" href=\"https:\/\/france-ohada-droit.com\/index.php\/maitre-thierry-serra\/\" \/>\n<meta property=\"og:locale\" content=\"fr_FR\" \/>\n<meta property=\"og:type\" content=\"article\" \/>\n<meta property=\"og:title\" content=\"Ma\u00eetre Thierry SERRA - France Ohada Droit\" \/>\n<meta property=\"og:description\" content=\"Apr\u00e8s \u00a0avoir exerc\u00e9 comme avou\u00e9 pendant une quinzaine d\u2019ann\u00e9es, il rejoint le Barreau de Paris comme sp\u00e9cialiste des proc\u00e9dures d\u2019appel \u00e0 l\u2019occasion de la \u00a0fusion avou\u00e9s-avocats. Sa pratique dominante concerne le droit des affaires et le droit des proc\u00e9dures collectives. Il met en \u0153uvre des proc\u00e9dures de conciliation ou de transaction en appel, pour une client\u00e8le exigeante. Il s\u00e9lectionne, pour la veille du site, les \u00e9volutions locales et internationales en \u00a0mati\u00e8re d\u2019alternatives [\u2026]\" \/>\n<meta property=\"og:url\" content=\"https:\/\/france-ohada-droit.com\/index.php\/maitre-thierry-serra\/\" \/>\n<meta property=\"og:site_name\" content=\"France Ohada Droit\" \/>\n<meta property=\"article:modified_time\" content=\"2019-04-25T01:34:23+00:00\" \/>\n<meta name=\"twitter:card\" content=\"summary_large_image\" \/>\n<meta name=\"twitter:label1\" content=\"Dur\u00e9e de lecture estim\u00e9e\" \/>\n\t<meta name=\"twitter:data1\" content=\"1 minute\" \/>\n<script type=\"application\/ld+json\" class=\"yoast-schema-graph\">{\"@context\":\"https:\/\/schema.org\",\"@graph\":[{\"@type\":\"WebSite\",\"@id\":\"https:\/\/france-ohada-droit.com\/#website\",\"url\":\"https:\/\/france-ohada-droit.com\/\",\"name\":\"France Ohada Droit\",\"description\":\"Article de droit\",\"potentialAction\":[{\"@type\":\"SearchAction\",\"target\":{\"@type\":\"EntryPoint\",\"urlTemplate\":\"https:\/\/france-ohada-droit.com\/?s={search_term_string}\"},\"query-input\":\"required name=search_term_string\"}],\"inLanguage\":\"fr-FR\"},{\"@type\":\"WebPage\",\"@id\":\"https:\/\/france-ohada-droit.com\/index.php\/maitre-thierry-serra\/#webpage\",\"url\":\"https:\/\/france-ohada-droit.com\/index.php\/maitre-thierry-serra\/\",\"name\":\"Ma\u00eetre Thierry SERRA - France Ohada Droit\",\"isPartOf\":{\"@id\":\"https:\/\/france-ohada-droit.com\/#website\"},\"datePublished\":\"2019-04-23T23:56:33+00:00\",\"dateModified\":\"2019-04-25T01:34:23+00:00\",\"breadcrumb\":{\"@id\":\"https:\/\/france-ohada-droit.com\/index.php\/maitre-thierry-serra\/#breadcrumb\"},\"inLanguage\":\"fr-FR\",\"potentialAction\":[{\"@type\":\"ReadAction\",\"target\":[\"https:\/\/france-ohada-droit.com\/index.php\/maitre-thierry-serra\/\"]}]},{\"@type\":\"BreadcrumbList\",\"@id\":\"https:\/\/france-ohada-droit.com\/index.php\/maitre-thierry-serra\/#breadcrumb\",\"itemListElement\":[{\"@type\":\"ListItem\",\"position\":1,\"name\":\"Accueil\",\"item\":\"https:\/\/france-ohada-droit.com\/\"},{\"@type\":\"ListItem\",\"position\":2,\"name\":\"Ma\u00eetre Thierry SERRA\"}]}]}<\/script>\n<!-- \/ Yoast SEO plugin. -->","yoast_head_json":{"title":"Ma\u00eetre Thierry SERRA - France Ohada Droit","robots":{"index":"index","follow":"follow","max-snippet":"max-snippet:-1","max-image-preview":"max-image-preview:large","max-video-preview":"max-video-preview:-1"},"canonical":"https:\/\/france-ohada-droit.com\/index.php\/maitre-thierry-serra\/","og_locale":"fr_FR","og_type":"article","og_title":"Ma\u00eetre Thierry SERRA - France Ohada Droit","og_description":"Apr\u00e8s \u00a0avoir exerc\u00e9 comme avou\u00e9 pendant une quinzaine d\u2019ann\u00e9es, il rejoint le Barreau de Paris comme sp\u00e9cialiste des proc\u00e9dures d\u2019appel \u00e0 l\u2019occasion de la \u00a0fusion avou\u00e9s-avocats. Sa pratique dominante concerne le droit des affaires et le droit des proc\u00e9dures collectives. Il met en \u0153uvre des proc\u00e9dures de conciliation ou de transaction en appel, pour une client\u00e8le exigeante. Il s\u00e9lectionne, pour la veille du site, les \u00e9volutions locales et internationales en \u00a0mati\u00e8re d\u2019alternatives [\u2026]","og_url":"https:\/\/france-ohada-droit.com\/index.php\/maitre-thierry-serra\/","og_site_name":"France Ohada Droit","article_modified_time":"2019-04-25T01:34:23+00:00","twitter_card":"summary_large_image","twitter_misc":{"Dur\u00e9e de lecture estim\u00e9e":"1 minute"},"schema":{"@context":"https:\/\/schema.org","@graph":[{"@type":"WebSite","@id":"https:\/\/france-ohada-droit.com\/#website","url":"https:\/\/france-ohada-droit.com\/","name":"France Ohada Droit","description":"Article de droit","potentialAction":[{"@type":"SearchAction","target":{"@type":"EntryPoint","urlTemplate":"https:\/\/france-ohada-droit.com\/?s={search_term_string}"},"query-input":"required name=search_term_string"}],"inLanguage":"fr-FR"},{"@type":"WebPage","@id":"https:\/\/france-ohada-droit.com\/index.php\/maitre-thierry-serra\/#webpage","url":"https:\/\/france-ohada-droit.com\/index.php\/maitre-thierry-serra\/","name":"Ma\u00eetre Thierry SERRA - France Ohada Droit","isPartOf":{"@id":"https:\/\/france-ohada-droit.com\/#website"},"datePublished":"2019-04-23T23:56:33+00:00","dateModified":"2019-04-25T01:34:23+00:00","breadcrumb":{"@id":"https:\/\/france-ohada-droit.com\/index.php\/maitre-thierry-serra\/#breadcrumb"},"inLanguage":"fr-FR","potentialAction":[{"@type":"ReadAction","target":["https:\/\/france-ohada-droit.com\/index.php\/maitre-thierry-serra\/"]}]},{"@type":"BreadcrumbList","@id":"https:\/\/france-ohada-droit.com\/index.php\/maitre-thierry-serra\/#breadcrumb","itemListElement":[{"@type":"ListItem","position":1,"name":"Accueil","item":"https:\/\/france-ohada-droit.com\/"},{"@type":"ListItem","position":2,"name":"Ma\u00eetre Thierry SERRA"}]}]}},"_links":{"self":[{"href":"https:\/\/france-ohada-droit.com\/index.php\/wp-json\/wp\/v2\/pages\/1569"}],"collection":[{"href":"https:\/\/france-ohada-droit.com\/index.php\/wp-json\/wp\/v2\/pages"}],"about":[{"href":"https:\/\/france-ohada-droit.com\/index.php\/wp-json\/wp\/v2\/types\/page"}],"author":[{"embeddable":true,"href":"https:\/\/france-ohada-droit.com\/index.php\/wp-json\/wp\/v2\/users\/2"}],"replies":[{"embeddable":true,"href":"https:\/\/france-ohada-droit.com\/index.php\/wp-json\/wp\/v2\/comments?post=1569"}],"version-history":[{"count":3,"href":"https:\/\/france-ohada-droit.com\/index.php\/wp-json\/wp\/v2\/pages\/1569\/revisions"}],"predecessor-version":[{"id":1650,"href":"https:\/\/france-ohada-droit.com\/index.php\/wp-json\/wp\/v2\/pages\/1569\/revisions\/1650"}],"wp:attachment":[{"href":"https:\/\/france-ohada-droit.com\/index.php\/wp-json\/wp\/v2\/media?parent=1569"}],"curies":[{"name":"wp","href":"https:\/\/api.w.org\/{rel}","templated":true}]}}