{"id":1562,"date":"2019-04-24T01:55:27","date_gmt":"2019-04-23T23:55:27","guid":{"rendered":"https:\/\/france-ohada-droit.com\/?page_id=1562"},"modified":"2019-06-12T13:16:17","modified_gmt":"2019-06-12T11:16:17","slug":"monsieur-amadou-diallo","status":"publish","type":"page","link":"https:\/\/france-ohada-droit.com\/index.php\/monsieur-amadou-diallo\/","title":{"rendered":"Amadou DIALLO, S.G. Cour supr\u00eame de Mauritanie"},"content":{"rendered":"<p style=\"text-align: justify;\">Secr\u00e9taire g\u00e9n\u00e9ral de la <span class=\"s7\">Cour supr\u00eame<\/span> de Mauritanie, apr\u00e8s avoir \u00e9t\u00e9 Inspecteur G\u00e9n\u00e9ral du Minist\u00e8re du p\u00e9trole, il s\u2019int\u00e9resse \u00a0sp\u00e9cialement aux investissements et financements \u00a0internationaux\u00a0; \u00e0 ce sujet,\u00a0 il approfondit les questions d\u2019arbitrage d\u2019investissement et d\u2019expertise. Nos lecteurs b\u00e9n\u00e9ficieront r\u00e9guli\u00e8rement de son savoir technique, pour ce qui est de l\u2019actualit\u00e9 des investissements internationaux et du r\u00e8glement de leurs difficult\u00e9s, sans compter des \u00e9l\u00e9ments d\u2019actualit\u00e9 juridique en Mauritanie.<\/p>\n<p style=\"text-align: justify;\">Sa participation \u00e0 la mise en place et \u00e0 l&#8217;animation\u00a0 des associations et de la f\u00e9d\u00e9ration <b><i>Alaistithmar fi Muritania<\/i><\/b>,\u00a0 <b><i>Investir en Mauritanie<\/i><\/b>, va au-del\u00e0 d&#8217;une simple contribution \u00e0\u00a0 la vie de la cit\u00e9, en dehors de la profession et de la fonction ;\u00a0 il s&#8217;agit pour lui d&#8217;un effort de patriotisme \u00e9conomique et social qu&#8217;il pr\u00e9sente\u00a0 \u00e0 son vieux P\u00e8re, ancien officier des forces arm\u00e9es mauritaniennes, comme sa mani\u00e8re de r\u00e9pondre pr\u00e9sent \u00e0 l&#8217;appel du Drapeau\u00a0!<\/p>\n","protected":false},"excerpt":{"rendered":"<p>Secr\u00e9taire g\u00e9n\u00e9ral de la Cour supr\u00eame de Mauritanie, apr\u00e8s avoir \u00e9t\u00e9 Inspecteur G\u00e9n\u00e9ral du Minist\u00e8re du p\u00e9trole, il s\u2019int\u00e9resse \u00a0sp\u00e9cialement aux investissements et financements \u00a0internationaux\u00a0; \u00e0 ce sujet,\u00a0 il approfondit les questions d\u2019arbitrage d\u2019investissement et d\u2019expertise. Nos lecteurs b\u00e9n\u00e9ficieront r\u00e9guli\u00e8rement de son savoir technique, pour ce qui est de l\u2019actualit\u00e9 des investissements internationaux et du r\u00e8glement de leurs difficult\u00e9s, sans compter des \u00e9l\u00e9ments d\u2019actualit\u00e9 juridique en Mauritanie. Sa participation \u00e0 la mise<span class=\"excerpt-hellip\"> [\u2026]<\/span><\/p>\n","protected":false},"author":2,"featured_media":0,"parent":0,"menu_order":0,"comment_status":"closed","ping_status":"closed","template":"","meta":[],"yoast_head":"<!-- This site is optimized with the Yoast SEO plugin v18.4.1 - https:\/\/yoast.com\/wordpress\/plugins\/seo\/ -->\n<title>Amadou DIALLO, S.G. Cour supr\u00eame de Mauritanie - France Ohada Droit<\/title>\n<meta name=\"robots\" content=\"index, follow, max-snippet:-1, max-image-preview:large, max-video-preview:-1\" \/>\n<link rel=\"canonical\" href=\"https:\/\/france-ohada-droit.com\/index.php\/monsieur-amadou-diallo\/\" \/>\n<meta property=\"og:locale\" content=\"fr_FR\" \/>\n<meta property=\"og:type\" content=\"article\" \/>\n<meta property=\"og:title\" content=\"Amadou DIALLO, S.G. Cour supr\u00eame de Mauritanie - France Ohada Droit\" \/>\n<meta property=\"og:description\" content=\"Secr\u00e9taire g\u00e9n\u00e9ral de la Cour supr\u00eame de Mauritanie, apr\u00e8s avoir \u00e9t\u00e9 Inspecteur G\u00e9n\u00e9ral du Minist\u00e8re du p\u00e9trole, il s\u2019int\u00e9resse \u00a0sp\u00e9cialement aux investissements et financements \u00a0internationaux\u00a0; \u00e0 ce sujet,\u00a0 il approfondit les questions d\u2019arbitrage d\u2019investissement et d\u2019expertise. Nos lecteurs b\u00e9n\u00e9ficieront r\u00e9guli\u00e8rement de son savoir technique, pour ce qui est de l\u2019actualit\u00e9 des investissements internationaux et du r\u00e8glement de leurs difficult\u00e9s, sans compter des \u00e9l\u00e9ments d\u2019actualit\u00e9 juridique en Mauritanie. Sa participation \u00e0 la mise [\u2026]\" \/>\n<meta property=\"og:url\" content=\"https:\/\/france-ohada-droit.com\/index.php\/monsieur-amadou-diallo\/\" \/>\n<meta property=\"og:site_name\" content=\"France Ohada Droit\" \/>\n<meta property=\"article:modified_time\" content=\"2019-06-12T11:16:17+00:00\" \/>\n<meta name=\"twitter:card\" content=\"summary_large_image\" \/>\n<meta name=\"twitter:label1\" content=\"Dur\u00e9e de lecture estim\u00e9e\" \/>\n\t<meta name=\"twitter:data1\" content=\"1 minute\" \/>\n<script type=\"application\/ld+json\" class=\"yoast-schema-graph\">{\"@context\":\"https:\/\/schema.org\",\"@graph\":[{\"@type\":\"WebSite\",\"@id\":\"https:\/\/france-ohada-droit.com\/#website\",\"url\":\"https:\/\/france-ohada-droit.com\/\",\"name\":\"France Ohada Droit\",\"description\":\"Article de droit\",\"potentialAction\":[{\"@type\":\"SearchAction\",\"target\":{\"@type\":\"EntryPoint\",\"urlTemplate\":\"https:\/\/france-ohada-droit.com\/?s={search_term_string}\"},\"query-input\":\"required name=search_term_string\"}],\"inLanguage\":\"fr-FR\"},{\"@type\":\"WebPage\",\"@id\":\"https:\/\/france-ohada-droit.com\/index.php\/monsieur-amadou-diallo\/#webpage\",\"url\":\"https:\/\/france-ohada-droit.com\/index.php\/monsieur-amadou-diallo\/\",\"name\":\"Amadou DIALLO, S.G. Cour supr\u00eame de Mauritanie - France Ohada Droit\",\"isPartOf\":{\"@id\":\"https:\/\/france-ohada-droit.com\/#website\"},\"datePublished\":\"2019-04-23T23:55:27+00:00\",\"dateModified\":\"2019-06-12T11:16:17+00:00\",\"breadcrumb\":{\"@id\":\"https:\/\/france-ohada-droit.com\/index.php\/monsieur-amadou-diallo\/#breadcrumb\"},\"inLanguage\":\"fr-FR\",\"potentialAction\":[{\"@type\":\"ReadAction\",\"target\":[\"https:\/\/france-ohada-droit.com\/index.php\/monsieur-amadou-diallo\/\"]}]},{\"@type\":\"BreadcrumbList\",\"@id\":\"https:\/\/france-ohada-droit.com\/index.php\/monsieur-amadou-diallo\/#breadcrumb\",\"itemListElement\":[{\"@type\":\"ListItem\",\"position\":1,\"name\":\"Accueil\",\"item\":\"https:\/\/france-ohada-droit.com\/\"},{\"@type\":\"ListItem\",\"position\":2,\"name\":\"Amadou DIALLO, S.G. Cour supr\u00eame de Mauritanie\"}]}]}<\/script>\n<!-- \/ Yoast SEO plugin. -->","yoast_head_json":{"title":"Amadou DIALLO, S.G. Cour supr\u00eame de Mauritanie - France Ohada Droit","robots":{"index":"index","follow":"follow","max-snippet":"max-snippet:-1","max-image-preview":"max-image-preview:large","max-video-preview":"max-video-preview:-1"},"canonical":"https:\/\/france-ohada-droit.com\/index.php\/monsieur-amadou-diallo\/","og_locale":"fr_FR","og_type":"article","og_title":"Amadou DIALLO, S.G. Cour supr\u00eame de Mauritanie - France Ohada Droit","og_description":"Secr\u00e9taire g\u00e9n\u00e9ral de la Cour supr\u00eame de Mauritanie, apr\u00e8s avoir \u00e9t\u00e9 Inspecteur G\u00e9n\u00e9ral du Minist\u00e8re du p\u00e9trole, il s\u2019int\u00e9resse \u00a0sp\u00e9cialement aux investissements et financements \u00a0internationaux\u00a0; \u00e0 ce sujet,\u00a0 il approfondit les questions d\u2019arbitrage d\u2019investissement et d\u2019expertise. Nos lecteurs b\u00e9n\u00e9ficieront r\u00e9guli\u00e8rement de son savoir technique, pour ce qui est de l\u2019actualit\u00e9 des investissements internationaux et du r\u00e8glement de leurs difficult\u00e9s, sans compter des \u00e9l\u00e9ments d\u2019actualit\u00e9 juridique en Mauritanie. Sa participation \u00e0 la mise [\u2026]","og_url":"https:\/\/france-ohada-droit.com\/index.php\/monsieur-amadou-diallo\/","og_site_name":"France Ohada Droit","article_modified_time":"2019-06-12T11:16:17+00:00","twitter_card":"summary_large_image","twitter_misc":{"Dur\u00e9e de lecture estim\u00e9e":"1 minute"},"schema":{"@context":"https:\/\/schema.org","@graph":[{"@type":"WebSite","@id":"https:\/\/france-ohada-droit.com\/#website","url":"https:\/\/france-ohada-droit.com\/","name":"France Ohada Droit","description":"Article de droit","potentialAction":[{"@type":"SearchAction","target":{"@type":"EntryPoint","urlTemplate":"https:\/\/france-ohada-droit.com\/?s={search_term_string}"},"query-input":"required name=search_term_string"}],"inLanguage":"fr-FR"},{"@type":"WebPage","@id":"https:\/\/france-ohada-droit.com\/index.php\/monsieur-amadou-diallo\/#webpage","url":"https:\/\/france-ohada-droit.com\/index.php\/monsieur-amadou-diallo\/","name":"Amadou DIALLO, S.G. Cour supr\u00eame de Mauritanie - France Ohada Droit","isPartOf":{"@id":"https:\/\/france-ohada-droit.com\/#website"},"datePublished":"2019-04-23T23:55:27+00:00","dateModified":"2019-06-12T11:16:17+00:00","breadcrumb":{"@id":"https:\/\/france-ohada-droit.com\/index.php\/monsieur-amadou-diallo\/#breadcrumb"},"inLanguage":"fr-FR","potentialAction":[{"@type":"ReadAction","target":["https:\/\/france-ohada-droit.com\/index.php\/monsieur-amadou-diallo\/"]}]},{"@type":"BreadcrumbList","@id":"https:\/\/france-ohada-droit.com\/index.php\/monsieur-amadou-diallo\/#breadcrumb","itemListElement":[{"@type":"ListItem","position":1,"name":"Accueil","item":"https:\/\/france-ohada-droit.com\/"},{"@type":"ListItem","position":2,"name":"Amadou DIALLO, S.G. Cour supr\u00eame de Mauritanie"}]}]}},"_links":{"self":[{"href":"https:\/\/france-ohada-droit.com\/index.php\/wp-json\/wp\/v2\/pages\/1562"}],"collection":[{"href":"https:\/\/france-ohada-droit.com\/index.php\/wp-json\/wp\/v2\/pages"}],"about":[{"href":"https:\/\/france-ohada-droit.com\/index.php\/wp-json\/wp\/v2\/types\/page"}],"author":[{"embeddable":true,"href":"https:\/\/france-ohada-droit.com\/index.php\/wp-json\/wp\/v2\/users\/2"}],"replies":[{"embeddable":true,"href":"https:\/\/france-ohada-droit.com\/index.php\/wp-json\/wp\/v2\/comments?post=1562"}],"version-history":[{"count":6,"href":"https:\/\/france-ohada-droit.com\/index.php\/wp-json\/wp\/v2\/pages\/1562\/revisions"}],"predecessor-version":[{"id":1790,"href":"https:\/\/france-ohada-droit.com\/index.php\/wp-json\/wp\/v2\/pages\/1562\/revisions\/1790"}],"wp:attachment":[{"href":"https:\/\/france-ohada-droit.com\/index.php\/wp-json\/wp\/v2\/media?parent=1562"}],"curies":[{"name":"wp","href":"https:\/\/api.w.org\/{rel}","templated":true}]}}