{"id":1426,"date":"2019-02-11T14:09:16","date_gmt":"2019-02-11T13:09:16","guid":{"rendered":"https:\/\/france-ohada-droit.com\/?page_id=1426"},"modified":"2019-02-12T13:51:06","modified_gmt":"2019-02-12T12:51:06","slug":"sites-juridiques-dautres-cultures-en-acces-libre","status":"publish","type":"page","link":"https:\/\/france-ohada-droit.com\/index.php\/sites-juridiques-dautres-cultures-en-acces-libre\/","title":{"rendered":"Sites juridiques d\u2019autres cultures, en acc\u00e8s libre"},"content":{"rendered":"<p class=\"s9\">NDLR \u2013 Pri\u00e8re de nous informer du moindre disfonctionnement que vous pourriez constater \u00e0 l\u2019adresse\u00a0: <a href=\"mailto:france.ohada.droit@gmail.com\"><span class=\"s10\">france.ohada.droit@gmail.com<\/span><\/a><\/p>\n<p class=\"s9\">Vous pouvez \u00e9galement nous sugg\u00e9rer des sites en libre acc\u00e8s, d\u2019int\u00e9r\u00eat pour un lectorat majoritairement d\u2019Afrique francophone.<\/p>\n<p>Nous vous proposons\u00a0:<\/p>\n<div class=\"s12\"><span class=\"s11\">\u2022 <\/span>une liste g\u00e9n\u00e9rale des sites par ordre ABC\u00a0;<\/div>\n<div class=\"s14\"><span class=\"s13\">\u2713 <\/span>une liste de sites de culture et\/ou langue francophone\u00a0;<\/div>\n<div class=\"s14\"><span class=\"s13\">\u2713 <\/span>une liste de site de culture anglophone\u00a0et\/ou langue\u00a0;<\/div>\n<div class=\"s14\"><span class=\"s13\">\u2713 <\/span>et une liste de sites concernant les autres langues et cultures.<\/div>\n<p>&nbsp;<\/p>\n<div>1. <a href=\"http:\/\/www.africanexecutive.com\/\"><span class=\"s15\">African Executive<\/span><\/a><\/div>\n<div>2. <a href=\"http:\/\/afrilex.u-bordeaux4.fr\/\"><span class=\"s15\">Afrilex<\/span><\/a><\/div>\n<div>3. <a href=\"http:\/\/www.allchinareview.com\/\"><span class=\"s15\">All China Review<\/span><\/a><\/div>\n<div class=\"s16\">4. <a href=\"http:\/\/www.aflsf.org\/fr\"><span class=\"s10\">ALSF<\/span><\/a>, Facilit\u00e9 Africaine de Soutien Juridique (BAD)<\/div>\n<div>5. <a href=\"https:\/\/aadi.org.ar\/index.php?acc=4\"><span class=\"s15\">Anuario Argentino de Derecho Internacional<\/span><\/a><\/div>\n<div>6. <a href=\"https:\/\/digitalcommons.law.ggu.edu\/\"><span class=\"s15\">Annual Survey of International and Comparative Law<\/span><\/a><\/div>\n<div>7. <a href=\"https:\/\/aadi.org.ar\/index.php?acc=4\"><span class=\"s15\">Anuario Argentino de Derecho Internacional<\/span><\/a><\/div>\n<div>8. <a href=\"https:\/\/revistas.juridicas.unam.mx\/index.php\/derecho-internacional\"><span class=\"s15\">Anuario Mexicano de Derecho Internacional<\/span><\/a><\/div>\n<div class=\"s16\">9. <a href=\"http:\/\/www.xinhuanet.com\/english\/weekly\/weekly01.htm\"><span class=\"s15\">Biz China Weekly<\/span><\/a> <span class=\"s17\">(Xinhua)<\/span><\/div>\n<div>10. <a href=\"http:\/\/juristconseil.blogspot.com\/2015\/03\/la-loi-n-10312-relative-aux.html\"><span class=\"s15\">Blog de droit <\/span><span class=\"s15\">marocain<\/span><\/a><\/div>\n<div>11. <a href=\"https:\/\/revistas.juridicas.unam.mx\/index.php\/derecho-comparado\"><span class=\"s15\">Bolet\u00edn<\/span> <span class=\"s15\">Mexicano<\/span><span class=\"s15\"> de <\/span><span class=\"s15\">Derecho<\/span> <span class=\"s15\">Comparado<\/span><\/a><\/div>\n<div class=\"s16\">12. <span class=\"s17\">Journal of Law, \u00a0Society and Development (South Africa)<\/span><span class=\"s17\">, <\/span><a href=\"https:\/\/upjournals.co.za\/index.php\/JLSD\"><span class=\"s15\">lien<\/span><\/a><\/div>\n<div class=\"s16\">13. <span class=\"s17\">Jupitec<\/span><span class=\"s17\">, <\/span><a href=\"https:\/\/www.jipitec.eu\/\"><span class=\"s15\">Jupitec<\/span><\/a><span class=\"s17\">, Intellectual Property, <\/span><span class=\"s17\">Iinformation<\/span><span class=\"s17\"> technology &amp; E-Commerce Law (RFA, online)<\/span><\/div>\n<div>14. <a href=\"http:\/\/legalref.judiciary.gov.hk\/lrs\/common\/ju\/judgment.jsp\"><span class=\"s18\">Jurisprudence de Hong Kong<\/span><\/a><\/div>\n<div>15. <a href=\"http:\/\/kenyalaw.org\/kenyalawblog\/\"><span class=\"s15\">Kenya Law<\/span><\/a><\/div>\n<div>16. <a href=\"http:\/\/www.nlipw.com\/\"><span class=\"s18\">Nigerian Law Intellectual property Watch<\/span><\/a><\/div>\n<div>17. <a href=\"http:\/\/nopr.niscair.res.in\/handle\/123456789\/45\"><span class=\"s15\">Niscair<\/span><\/a><\/div>\n<div class=\"s16\">18. <a href=\"http:\/\/law.nwu.ac.za\/per\"><span class=\"s19\">PER\/PER<\/span><\/a> <span class=\"s20\">(South Africa Potchefstroom Electronic Law Journal)<\/span><\/div>\n<div>19. <a href=\"http:\/\/www.singaporelawreview.com\/\"><span class=\"s18\">Singapore Law Review<\/span><\/a><\/div>\n<div>20. <a href=\"http:\/\/law.nus.edu.sg\/sjls\/index.html\"><span class=\"s15\">Singapore Journal of <\/span><span class=\"s15\">Legal<\/span> <span class=\"s15\">Studies<\/span><\/a><\/div>\n<div><\/div>\n<div><\/div>\n<p>&nbsp;<\/p>\n","protected":false},"excerpt":{"rendered":"<p>NDLR \u2013 Pri\u00e8re de nous informer du moindre disfonctionnement que vous pourriez constater \u00e0 l\u2019adresse\u00a0: france.ohada.droit@gmail.com Vous pouvez \u00e9galement nous sugg\u00e9rer des sites en libre acc\u00e8s, d\u2019int\u00e9r\u00eat pour un lectorat majoritairement d\u2019Afrique francophone. Nous vous proposons\u00a0: \u2022 une liste g\u00e9n\u00e9rale des sites par ordre ABC\u00a0; \u2713 une liste de sites de culture et\/ou langue francophone\u00a0; \u2713 une liste de site de culture anglophone\u00a0et\/ou langue\u00a0; \u2713 et une liste de sites concernant les<span class=\"excerpt-hellip\"> [\u2026]<\/span><\/p>\n","protected":false},"author":2,"featured_media":0,"parent":0,"menu_order":0,"comment_status":"closed","ping_status":"closed","template":"","meta":[],"yoast_head":"<!-- This site is optimized with the Yoast SEO plugin v18.4.1 - https:\/\/yoast.com\/wordpress\/plugins\/seo\/ -->\n<title>Sites juridiques d\u2019autres cultures, en acc\u00e8s libre - France Ohada Droit<\/title>\n<meta name=\"robots\" content=\"index, follow, max-snippet:-1, max-image-preview:large, max-video-preview:-1\" \/>\n<link rel=\"canonical\" href=\"https:\/\/france-ohada-droit.com\/index.php\/sites-juridiques-dautres-cultures-en-acces-libre\/\" \/>\n<meta property=\"og:locale\" content=\"fr_FR\" \/>\n<meta property=\"og:type\" content=\"article\" \/>\n<meta property=\"og:title\" content=\"Sites juridiques d\u2019autres cultures, en acc\u00e8s libre - France Ohada Droit\" \/>\n<meta property=\"og:description\" content=\"NDLR \u2013 Pri\u00e8re de nous informer du moindre disfonctionnement que vous pourriez constater \u00e0 l\u2019adresse\u00a0: france.ohada.droit@gmail.com Vous pouvez \u00e9galement nous sugg\u00e9rer des sites en libre acc\u00e8s, d\u2019int\u00e9r\u00eat pour un lectorat majoritairement d\u2019Afrique francophone. Nous vous proposons\u00a0: \u2022 une liste g\u00e9n\u00e9rale des sites par ordre ABC\u00a0; \u2713 une liste de sites de culture et\/ou langue francophone\u00a0; \u2713 une liste de site de culture anglophone\u00a0et\/ou langue\u00a0; \u2713 et une liste de sites concernant les [\u2026]\" \/>\n<meta property=\"og:url\" content=\"https:\/\/france-ohada-droit.com\/index.php\/sites-juridiques-dautres-cultures-en-acces-libre\/\" \/>\n<meta property=\"og:site_name\" content=\"France Ohada Droit\" \/>\n<meta property=\"article:modified_time\" content=\"2019-02-12T12:51:06+00:00\" \/>\n<meta name=\"twitter:card\" content=\"summary_large_image\" \/>\n<meta name=\"twitter:label1\" content=\"Dur\u00e9e de lecture estim\u00e9e\" \/>\n\t<meta name=\"twitter:data1\" content=\"1 minute\" \/>\n<script type=\"application\/ld+json\" class=\"yoast-schema-graph\">{\"@context\":\"https:\/\/schema.org\",\"@graph\":[{\"@type\":\"WebSite\",\"@id\":\"https:\/\/france-ohada-droit.com\/#website\",\"url\":\"https:\/\/france-ohada-droit.com\/\",\"name\":\"France Ohada Droit\",\"description\":\"Article de droit\",\"potentialAction\":[{\"@type\":\"SearchAction\",\"target\":{\"@type\":\"EntryPoint\",\"urlTemplate\":\"https:\/\/france-ohada-droit.com\/?s={search_term_string}\"},\"query-input\":\"required name=search_term_string\"}],\"inLanguage\":\"fr-FR\"},{\"@type\":\"WebPage\",\"@id\":\"https:\/\/france-ohada-droit.com\/index.php\/sites-juridiques-dautres-cultures-en-acces-libre\/#webpage\",\"url\":\"https:\/\/france-ohada-droit.com\/index.php\/sites-juridiques-dautres-cultures-en-acces-libre\/\",\"name\":\"Sites juridiques d\u2019autres cultures, en acc\u00e8s libre - France Ohada Droit\",\"isPartOf\":{\"@id\":\"https:\/\/france-ohada-droit.com\/#website\"},\"datePublished\":\"2019-02-11T13:09:16+00:00\",\"dateModified\":\"2019-02-12T12:51:06+00:00\",\"breadcrumb\":{\"@id\":\"https:\/\/france-ohada-droit.com\/index.php\/sites-juridiques-dautres-cultures-en-acces-libre\/#breadcrumb\"},\"inLanguage\":\"fr-FR\",\"potentialAction\":[{\"@type\":\"ReadAction\",\"target\":[\"https:\/\/france-ohada-droit.com\/index.php\/sites-juridiques-dautres-cultures-en-acces-libre\/\"]}]},{\"@type\":\"BreadcrumbList\",\"@id\":\"https:\/\/france-ohada-droit.com\/index.php\/sites-juridiques-dautres-cultures-en-acces-libre\/#breadcrumb\",\"itemListElement\":[{\"@type\":\"ListItem\",\"position\":1,\"name\":\"Accueil\",\"item\":\"https:\/\/france-ohada-droit.com\/\"},{\"@type\":\"ListItem\",\"position\":2,\"name\":\"Sites juridiques d\u2019autres cultures, en acc\u00e8s libre\"}]}]}<\/script>\n<!-- \/ Yoast SEO plugin. -->","yoast_head_json":{"title":"Sites juridiques d\u2019autres cultures, en acc\u00e8s libre - France Ohada Droit","robots":{"index":"index","follow":"follow","max-snippet":"max-snippet:-1","max-image-preview":"max-image-preview:large","max-video-preview":"max-video-preview:-1"},"canonical":"https:\/\/france-ohada-droit.com\/index.php\/sites-juridiques-dautres-cultures-en-acces-libre\/","og_locale":"fr_FR","og_type":"article","og_title":"Sites juridiques d\u2019autres cultures, en acc\u00e8s libre - France Ohada Droit","og_description":"NDLR \u2013 Pri\u00e8re de nous informer du moindre disfonctionnement que vous pourriez constater \u00e0 l\u2019adresse\u00a0: france.ohada.droit@gmail.com Vous pouvez \u00e9galement nous sugg\u00e9rer des sites en libre acc\u00e8s, d\u2019int\u00e9r\u00eat pour un lectorat majoritairement d\u2019Afrique francophone. Nous vous proposons\u00a0: \u2022 une liste g\u00e9n\u00e9rale des sites par ordre ABC\u00a0; \u2713 une liste de sites de culture et\/ou langue francophone\u00a0; \u2713 une liste de site de culture anglophone\u00a0et\/ou langue\u00a0; \u2713 et une liste de sites concernant les [\u2026]","og_url":"https:\/\/france-ohada-droit.com\/index.php\/sites-juridiques-dautres-cultures-en-acces-libre\/","og_site_name":"France Ohada Droit","article_modified_time":"2019-02-12T12:51:06+00:00","twitter_card":"summary_large_image","twitter_misc":{"Dur\u00e9e de lecture estim\u00e9e":"1 minute"},"schema":{"@context":"https:\/\/schema.org","@graph":[{"@type":"WebSite","@id":"https:\/\/france-ohada-droit.com\/#website","url":"https:\/\/france-ohada-droit.com\/","name":"France Ohada Droit","description":"Article de droit","potentialAction":[{"@type":"SearchAction","target":{"@type":"EntryPoint","urlTemplate":"https:\/\/france-ohada-droit.com\/?s={search_term_string}"},"query-input":"required name=search_term_string"}],"inLanguage":"fr-FR"},{"@type":"WebPage","@id":"https:\/\/france-ohada-droit.com\/index.php\/sites-juridiques-dautres-cultures-en-acces-libre\/#webpage","url":"https:\/\/france-ohada-droit.com\/index.php\/sites-juridiques-dautres-cultures-en-acces-libre\/","name":"Sites juridiques d\u2019autres cultures, en acc\u00e8s libre - France Ohada Droit","isPartOf":{"@id":"https:\/\/france-ohada-droit.com\/#website"},"datePublished":"2019-02-11T13:09:16+00:00","dateModified":"2019-02-12T12:51:06+00:00","breadcrumb":{"@id":"https:\/\/france-ohada-droit.com\/index.php\/sites-juridiques-dautres-cultures-en-acces-libre\/#breadcrumb"},"inLanguage":"fr-FR","potentialAction":[{"@type":"ReadAction","target":["https:\/\/france-ohada-droit.com\/index.php\/sites-juridiques-dautres-cultures-en-acces-libre\/"]}]},{"@type":"BreadcrumbList","@id":"https:\/\/france-ohada-droit.com\/index.php\/sites-juridiques-dautres-cultures-en-acces-libre\/#breadcrumb","itemListElement":[{"@type":"ListItem","position":1,"name":"Accueil","item":"https:\/\/france-ohada-droit.com\/"},{"@type":"ListItem","position":2,"name":"Sites juridiques d\u2019autres cultures, en acc\u00e8s libre"}]}]}},"_links":{"self":[{"href":"https:\/\/france-ohada-droit.com\/index.php\/wp-json\/wp\/v2\/pages\/1426"}],"collection":[{"href":"https:\/\/france-ohada-droit.com\/index.php\/wp-json\/wp\/v2\/pages"}],"about":[{"href":"https:\/\/france-ohada-droit.com\/index.php\/wp-json\/wp\/v2\/types\/page"}],"author":[{"embeddable":true,"href":"https:\/\/france-ohada-droit.com\/index.php\/wp-json\/wp\/v2\/users\/2"}],"replies":[{"embeddable":true,"href":"https:\/\/france-ohada-droit.com\/index.php\/wp-json\/wp\/v2\/comments?post=1426"}],"version-history":[{"count":3,"href":"https:\/\/france-ohada-droit.com\/index.php\/wp-json\/wp\/v2\/pages\/1426\/revisions"}],"predecessor-version":[{"id":1464,"href":"https:\/\/france-ohada-droit.com\/index.php\/wp-json\/wp\/v2\/pages\/1426\/revisions\/1464"}],"wp:attachment":[{"href":"https:\/\/france-ohada-droit.com\/index.php\/wp-json\/wp\/v2\/media?parent=1426"}],"curies":[{"name":"wp","href":"https:\/\/api.w.org\/{rel}","templated":true}]}}