{"id":1419,"date":"2019-02-11T14:05:30","date_gmt":"2019-02-11T13:05:30","guid":{"rendered":"https:\/\/france-ohada-droit.com\/?page_id=1419"},"modified":"2019-02-11T14:07:19","modified_gmt":"2019-02-11T13:07:19","slug":"sites-anglophones-ou-transnationaux-en-acces-libre","status":"publish","type":"page","link":"https:\/\/france-ohada-droit.com\/index.php\/sites-anglophones-ou-transnationaux-en-acces-libre\/","title":{"rendered":"Sites anglophones ou transnationaux en acc\u00e8s libre"},"content":{"rendered":"<p class=\"s9\">NDLR \u2013 Pri\u00e8re de nous informer du moindre disfonctionnement que vous pourriez constater \u00e0 l\u2019adresse\u00a0: <a href=\"mailto:france.ohada.droit@gmail.com\"><span class=\"s8\">france.ohada.droit@gmail.com<\/span><\/a><\/p>\n<p class=\"s9\">Vous pouvez \u00e9galement nous sugg\u00e9rer des sites en libre acc\u00e8s, d\u2019int\u00e9r\u00eat pour un lectorat majoritairement d\u2019Afrique francophone.<\/p>\n<p>Nous vous proposons\u00a0:<\/p>\n<div class=\"s11\"><span class=\"s10\">\u2022 <\/span>une liste g\u00e9n\u00e9rale des sites par ordre ABC\u00a0;<\/div>\n<div class=\"s13\"><span class=\"s12\">\u2713 <\/span>une liste de sites de culture et\/ou langue francophone\u00a0;<\/div>\n<div class=\"s13\"><span class=\"s12\">\u2713 <\/span>une liste de site de culture anglophone\u00a0et\/ou langue\u00a0;<\/div>\n<div class=\"s13\"><span class=\"s12\">\u2713 <\/span>et une liste de sites concernant les autres langues et cultures.<\/div>\n<p>&nbsp;<\/p>\n<div>1. <a href=\"http:\/\/www.abajournal.com\/magazine\/\"><span class=\"s14\">ABA Journal<\/span><\/a><\/div>\n<div>2. <a href=\"http:\/\/www.africanexecutive.com\/\"><span class=\"s14\">African Executive<\/span><\/a><\/div>\n<div>3. <a href=\"http:\/\/www.allchinareview.com\/\"><span class=\"s14\">All China Review<\/span><\/a><\/div>\n<div class=\"s15\">4. <a href=\"http:\/\/www.aflsf.org\/fr\"><span class=\"s8\">ALSF<\/span><\/a>, Facilit\u00e9 Africaine de Soutien Juridique (BAD)<\/div>\n<div>5. <a href=\"https:\/\/digitalcommons.law.ggu.edu\/\"><span class=\"s14\">Annual Survey of International and Comparative Law<\/span><\/a><\/div>\n<div class=\"s15\">6. <a href=\"https:\/\/ials.sas.ac.uk\/digital\/bailii\"><span class=\"s14\">BAILII<\/span><\/a><span class=\"s16\"> (British<\/span><span class=\"s16\"> and Irish<\/span><span class=\"s16\"> Legal Information Institute)<\/span><\/div>\n<div>7. <a href=\"http:\/\/www.uncitral.org\/uncitral\/en\/publications\/bibliography_monthly.html\"><span class=\"s14\">Bibliography related to UNCITRAL-CNUDCI <\/span><\/a><\/div>\n<div>8. <a href=\"http:\/\/www.bcu.ac.uk\/law\/research\/centre-for-american-studies\/british-journal-american-legal-studies\"><span class=\"s14\">British Journal of American Legal Studies<\/span><\/a><\/div>\n<div>9. <a href=\"https:\/\/brooklynworks.brooklaw.edu\/bjil\/\"><span class=\"s14\">Brookling<\/span><span class=\"s14\"> Journal of <\/span><span class=\"s14\">Intern\u2019l<\/span><span class=\"s14\"> Law <\/span><\/a><\/div>\n<div>10. <a href=\"http:\/\/jtl.columbia.edu\/\"><span class=\"s14\">Columbia Journal of <\/span><span class=\"s14\">Transnat\u2019l<\/span><span class=\"s14\"> Law<\/span><\/a><\/div>\n<div>11. <a href=\"https:\/\/www.lawschool.cornell.edu\/research\/cornell-law-review\/index.cfm\"><span class=\"s14\">Cornell Law Rev.<\/span><\/a><\/div>\n<div class=\"s15\">12. <span class=\"s16\">Cour<\/span><span class=\"s16\"> penal international, <\/span><a href=\"https:\/\/www.icc-cpi.int\/Pages\/Main.aspx\"><span class=\"s17\">ICC-CPI<\/span><\/a><\/div>\n<div>13. <a href=\"https:\/\/harvardlawreview.org\/\"><span class=\"s14\">Harvard Law Review<\/span><\/a><\/div>\n<div>14. <a href=\"http:\/\/ilreports.blogspot.com\/\"><span class=\"s14\">International Law Reporter<\/span><\/a><\/div>\n<div>15. <a href=\"https:\/\/academic.oup.com\/jla\"><span class=\"s14\">Journal of Legal Analysis<\/span><\/a><\/div>\n<div class=\"s15\">16. <span class=\"s16\">Journal of Law, \u00a0Society and Development (South Africa)<\/span><span class=\"s16\">, <\/span><a href=\"https:\/\/upjournals.co.za\/index.php\/JLSD\"><span class=\"s14\">lien<\/span><\/a><\/div>\n<div class=\"s15\">17. <span class=\"s16\">Jupitec<\/span><span class=\"s16\">, <\/span><a href=\"https:\/\/www.jipitec.eu\/\"><span class=\"s14\">Jupitec<\/span><\/a><span class=\"s16\">, Intellectual Property, <\/span><span class=\"s16\">Iinformation<\/span><span class=\"s16\"> technology &amp; E-Commerce Law (RFA, online)<\/span><\/div>\n<div>18. <a href=\"http:\/\/legalref.judiciary.gov.hk\/lrs\/common\/ju\/judgment.jsp\"><span class=\"s17\">Jurisprudence de Hong Kong<\/span><\/a><\/div>\n<div>19. <a href=\"http:\/\/kenyalaw.org\/kenyalawblog\/\"><span class=\"s14\">Kenya Law<\/span><\/a><\/div>\n<div>20. <a href=\"http:\/\/www.loc.gov\/law\/\"><span class=\"s14\">Law Library of Congress<\/span><\/a><\/div>\n<div>21. <a href=\"http:\/\/www.myhq.com\/public\/b\/l\/blawgs\/\"><span class=\"s14\">myhq<\/span> <span class=\"s14\">blawgs<\/span><\/a><\/div>\n<div>22. <a href=\"http:\/\/www.nber.org\/\"><span class=\"s14\">National Bureau of Economic Research <\/span><\/a><\/div>\n<div>23. <a href=\"http:\/\/www.nlipw.com\/\"><span class=\"s17\">Nigerian Law Intellectual property Watch<\/span><\/a><\/div>\n<div>24. <a href=\"http:\/\/nopr.niscair.res.in\/handle\/123456789\/45\"><span class=\"s14\">Niscair<\/span><\/a><\/div>\n<div>25. <a href=\"http:\/\/stl.pku.edu.cn\/academics\/peking-university-transnational-law-review\/\"><span class=\"s18\">Pekin University Transnational Law Review <\/span><\/a><\/div>\n<div class=\"s15\">26. <a href=\"http:\/\/law.nwu.ac.za\/per\"><span class=\"s19\">PER\/PER<\/span><\/a> <span class=\"s20\">(South Africa Potchefstroom Electronic Law Journal)<\/span><\/div>\n<div>27. <a href=\"http:\/\/www.singaporelawreview.com\/\"><span class=\"s17\">Singapore Law Review<\/span><\/a><\/div>\n<div>28. <a href=\"http:\/\/law.nus.edu.sg\/sjls\/index.html\"><span class=\"s14\">Singapore Journal of <\/span><span class=\"s14\">Legal<\/span> <span class=\"s14\">Studies<\/span><\/a><\/div>\n<div class=\"s15\">29. <a href=\"http:\/\/www.ssrn.com\/en\/\"><span class=\"s14\">SSRN<\/span><\/a> <span class=\"s16\">Social Science Research Network<\/span><span class=\"s16\"> \u00a0<\/span><\/div>\n<div>30. <a href=\"http:\/\/www.stanfordlawreview.org\/\"><span class=\"s14\">Stanford Law Review<\/span><\/a><\/div>\n<div class=\"s15\">31. <span class=\"s16\">Tribunal I<\/span><span class=\"s16\">nternational du <\/span><span class=\"s16\">Droit de la M<\/span><span class=\"s16\">er<\/span> <a href=\"https:\/\/www.itlos.org\/\"><span class=\"s14\">Itlos<\/span><\/a><\/div>\n<div>32. <a href=\"http:\/\/www.uclalawreview.org\/\"><span class=\"s14\">UCLA Law Review<\/span><\/a><\/div>\n<div>33. <a href=\"https:\/\/www.utrechtlawreview.org\/\"><span class=\"s14\">Utrecht Law Review<\/span><\/a><\/div>\n<div>34. <a href=\"https:\/\/www.journals.elsevier.com\/world-development\/\"><span class=\"s14\">World Development<\/span><\/a><\/div>\n<div>35. <a href=\"http:\/\/www.yalelawjournal.org\/\"><span class=\"s14\">Yale Law Journal<\/span><\/a><\/div>\n<p class=\"s3\">\n","protected":false},"excerpt":{"rendered":"<p>NDLR \u2013 Pri\u00e8re de nous informer du moindre disfonctionnement que vous pourriez constater \u00e0 l\u2019adresse\u00a0: france.ohada.droit@gmail.com Vous pouvez \u00e9galement nous sugg\u00e9rer des sites en libre acc\u00e8s, d\u2019int\u00e9r\u00eat pour un lectorat majoritairement d\u2019Afrique francophone. Nous vous proposons\u00a0: \u2022 une liste g\u00e9n\u00e9rale des sites par ordre ABC\u00a0; \u2713 une liste de sites de culture et\/ou langue francophone\u00a0; \u2713 une liste de site de culture anglophone\u00a0et\/ou langue\u00a0; \u2713 et une liste de sites concernant les<span class=\"excerpt-hellip\"> [\u2026]<\/span><\/p>\n","protected":false},"author":2,"featured_media":0,"parent":0,"menu_order":0,"comment_status":"closed","ping_status":"closed","template":"","meta":[],"yoast_head":"<!-- This site is optimized with the Yoast SEO plugin v18.4.1 - https:\/\/yoast.com\/wordpress\/plugins\/seo\/ -->\n<title>Sites anglophones ou transnationaux en acc\u00e8s libre - France Ohada Droit<\/title>\n<meta name=\"robots\" content=\"index, follow, max-snippet:-1, max-image-preview:large, max-video-preview:-1\" \/>\n<link rel=\"canonical\" href=\"https:\/\/france-ohada-droit.com\/index.php\/sites-anglophones-ou-transnationaux-en-acces-libre\/\" \/>\n<meta property=\"og:locale\" content=\"fr_FR\" \/>\n<meta property=\"og:type\" content=\"article\" \/>\n<meta property=\"og:title\" content=\"Sites anglophones ou transnationaux en acc\u00e8s libre - France Ohada Droit\" \/>\n<meta property=\"og:description\" content=\"NDLR \u2013 Pri\u00e8re de nous informer du moindre disfonctionnement que vous pourriez constater \u00e0 l\u2019adresse\u00a0: france.ohada.droit@gmail.com Vous pouvez \u00e9galement nous sugg\u00e9rer des sites en libre acc\u00e8s, d\u2019int\u00e9r\u00eat pour un lectorat majoritairement d\u2019Afrique francophone. Nous vous proposons\u00a0: \u2022 une liste g\u00e9n\u00e9rale des sites par ordre ABC\u00a0; \u2713 une liste de sites de culture et\/ou langue francophone\u00a0; \u2713 une liste de site de culture anglophone\u00a0et\/ou langue\u00a0; \u2713 et une liste de sites concernant les [\u2026]\" \/>\n<meta property=\"og:url\" content=\"https:\/\/france-ohada-droit.com\/index.php\/sites-anglophones-ou-transnationaux-en-acces-libre\/\" \/>\n<meta property=\"og:site_name\" content=\"France Ohada Droit\" \/>\n<meta property=\"article:modified_time\" content=\"2019-02-11T13:07:19+00:00\" \/>\n<meta name=\"twitter:card\" content=\"summary_large_image\" \/>\n<meta name=\"twitter:label1\" content=\"Dur\u00e9e de lecture estim\u00e9e\" \/>\n\t<meta name=\"twitter:data1\" content=\"1 minute\" \/>\n<script type=\"application\/ld+json\" class=\"yoast-schema-graph\">{\"@context\":\"https:\/\/schema.org\",\"@graph\":[{\"@type\":\"WebSite\",\"@id\":\"https:\/\/france-ohada-droit.com\/#website\",\"url\":\"https:\/\/france-ohada-droit.com\/\",\"name\":\"France Ohada Droit\",\"description\":\"Article de droit\",\"potentialAction\":[{\"@type\":\"SearchAction\",\"target\":{\"@type\":\"EntryPoint\",\"urlTemplate\":\"https:\/\/france-ohada-droit.com\/?s={search_term_string}\"},\"query-input\":\"required name=search_term_string\"}],\"inLanguage\":\"fr-FR\"},{\"@type\":\"WebPage\",\"@id\":\"https:\/\/france-ohada-droit.com\/index.php\/sites-anglophones-ou-transnationaux-en-acces-libre\/#webpage\",\"url\":\"https:\/\/france-ohada-droit.com\/index.php\/sites-anglophones-ou-transnationaux-en-acces-libre\/\",\"name\":\"Sites anglophones ou transnationaux en acc\u00e8s libre - France Ohada Droit\",\"isPartOf\":{\"@id\":\"https:\/\/france-ohada-droit.com\/#website\"},\"datePublished\":\"2019-02-11T13:05:30+00:00\",\"dateModified\":\"2019-02-11T13:07:19+00:00\",\"breadcrumb\":{\"@id\":\"https:\/\/france-ohada-droit.com\/index.php\/sites-anglophones-ou-transnationaux-en-acces-libre\/#breadcrumb\"},\"inLanguage\":\"fr-FR\",\"potentialAction\":[{\"@type\":\"ReadAction\",\"target\":[\"https:\/\/france-ohada-droit.com\/index.php\/sites-anglophones-ou-transnationaux-en-acces-libre\/\"]}]},{\"@type\":\"BreadcrumbList\",\"@id\":\"https:\/\/france-ohada-droit.com\/index.php\/sites-anglophones-ou-transnationaux-en-acces-libre\/#breadcrumb\",\"itemListElement\":[{\"@type\":\"ListItem\",\"position\":1,\"name\":\"Accueil\",\"item\":\"https:\/\/france-ohada-droit.com\/\"},{\"@type\":\"ListItem\",\"position\":2,\"name\":\"Sites anglophones ou transnationaux en acc\u00e8s libre\"}]}]}<\/script>\n<!-- \/ Yoast SEO plugin. -->","yoast_head_json":{"title":"Sites anglophones ou transnationaux en acc\u00e8s libre - France Ohada Droit","robots":{"index":"index","follow":"follow","max-snippet":"max-snippet:-1","max-image-preview":"max-image-preview:large","max-video-preview":"max-video-preview:-1"},"canonical":"https:\/\/france-ohada-droit.com\/index.php\/sites-anglophones-ou-transnationaux-en-acces-libre\/","og_locale":"fr_FR","og_type":"article","og_title":"Sites anglophones ou transnationaux en acc\u00e8s libre - France Ohada Droit","og_description":"NDLR \u2013 Pri\u00e8re de nous informer du moindre disfonctionnement que vous pourriez constater \u00e0 l\u2019adresse\u00a0: france.ohada.droit@gmail.com Vous pouvez \u00e9galement nous sugg\u00e9rer des sites en libre acc\u00e8s, d\u2019int\u00e9r\u00eat pour un lectorat majoritairement d\u2019Afrique francophone. Nous vous proposons\u00a0: \u2022 une liste g\u00e9n\u00e9rale des sites par ordre ABC\u00a0; \u2713 une liste de sites de culture et\/ou langue francophone\u00a0; \u2713 une liste de site de culture anglophone\u00a0et\/ou langue\u00a0; \u2713 et une liste de sites concernant les [\u2026]","og_url":"https:\/\/france-ohada-droit.com\/index.php\/sites-anglophones-ou-transnationaux-en-acces-libre\/","og_site_name":"France Ohada Droit","article_modified_time":"2019-02-11T13:07:19+00:00","twitter_card":"summary_large_image","twitter_misc":{"Dur\u00e9e de lecture estim\u00e9e":"1 minute"},"schema":{"@context":"https:\/\/schema.org","@graph":[{"@type":"WebSite","@id":"https:\/\/france-ohada-droit.com\/#website","url":"https:\/\/france-ohada-droit.com\/","name":"France Ohada Droit","description":"Article de droit","potentialAction":[{"@type":"SearchAction","target":{"@type":"EntryPoint","urlTemplate":"https:\/\/france-ohada-droit.com\/?s={search_term_string}"},"query-input":"required name=search_term_string"}],"inLanguage":"fr-FR"},{"@type":"WebPage","@id":"https:\/\/france-ohada-droit.com\/index.php\/sites-anglophones-ou-transnationaux-en-acces-libre\/#webpage","url":"https:\/\/france-ohada-droit.com\/index.php\/sites-anglophones-ou-transnationaux-en-acces-libre\/","name":"Sites anglophones ou transnationaux en acc\u00e8s libre - France Ohada Droit","isPartOf":{"@id":"https:\/\/france-ohada-droit.com\/#website"},"datePublished":"2019-02-11T13:05:30+00:00","dateModified":"2019-02-11T13:07:19+00:00","breadcrumb":{"@id":"https:\/\/france-ohada-droit.com\/index.php\/sites-anglophones-ou-transnationaux-en-acces-libre\/#breadcrumb"},"inLanguage":"fr-FR","potentialAction":[{"@type":"ReadAction","target":["https:\/\/france-ohada-droit.com\/index.php\/sites-anglophones-ou-transnationaux-en-acces-libre\/"]}]},{"@type":"BreadcrumbList","@id":"https:\/\/france-ohada-droit.com\/index.php\/sites-anglophones-ou-transnationaux-en-acces-libre\/#breadcrumb","itemListElement":[{"@type":"ListItem","position":1,"name":"Accueil","item":"https:\/\/france-ohada-droit.com\/"},{"@type":"ListItem","position":2,"name":"Sites anglophones ou transnationaux en acc\u00e8s libre"}]}]}},"_links":{"self":[{"href":"https:\/\/france-ohada-droit.com\/index.php\/wp-json\/wp\/v2\/pages\/1419"}],"collection":[{"href":"https:\/\/france-ohada-droit.com\/index.php\/wp-json\/wp\/v2\/pages"}],"about":[{"href":"https:\/\/france-ohada-droit.com\/index.php\/wp-json\/wp\/v2\/types\/page"}],"author":[{"embeddable":true,"href":"https:\/\/france-ohada-droit.com\/index.php\/wp-json\/wp\/v2\/users\/2"}],"replies":[{"embeddable":true,"href":"https:\/\/france-ohada-droit.com\/index.php\/wp-json\/wp\/v2\/comments?post=1419"}],"version-history":[{"count":3,"href":"https:\/\/france-ohada-droit.com\/index.php\/wp-json\/wp\/v2\/pages\/1419\/revisions"}],"predecessor-version":[{"id":1453,"href":"https:\/\/france-ohada-droit.com\/index.php\/wp-json\/wp\/v2\/pages\/1419\/revisions\/1453"}],"wp:attachment":[{"href":"https:\/\/france-ohada-droit.com\/index.php\/wp-json\/wp\/v2\/media?parent=1419"}],"curies":[{"name":"wp","href":"https:\/\/api.w.org\/{rel}","templated":true}]}}